{"id":3402,"date":"2016-10-30T16:37:32","date_gmt":"2016-10-30T16:37:32","guid":{"rendered":"http:\/\/wp.kunst-und-kampf.de\/?page_id=3402"},"modified":"2017-01-22T13:31:04","modified_gmt":"2017-01-22T13:31:04","slug":"kunst","status":"publish","type":"page","link":"https:\/\/kunst-und-kampf.de\/WordPress_02\/kunst\/","title":{"rendered":"Kunst und Kampf"},"content":{"rendered":"\n<style type=\"text\/css\" data-created_by=\"avia_inline_auto\" id=\"style-css-av-av_two_third-6126cab7d8fab8d08143dd2dacdf673c\">\n.flex_column.av-av_two_third-6126cab7d8fab8d08143dd2dacdf673c{\nborder-radius:0px 0px 0px 0px;\npadding:0px 0px 0px 0px;\n}\n<\/style>\n<div  class='flex_column av-av_two_third-6126cab7d8fab8d08143dd2dacdf673c av_two_third  avia-builder-el-0  el_before_av_one_third  avia-builder-el-first  first flex_column_div av-zero-column-padding  '     ><section  class='av_textblock_section av-av_textblock-0366cc7376be6c9e82a3e9cc8987b64f '   itemscope=\"itemscope\" itemtype=\"https:\/\/schema.org\/CreativeWork\" ><div class='avia_textblock'  itemprop=\"text\" ><h1>\u00dcber \u00bbKunst und Kampf\u00ab<\/h1>\n<blockquote>\n<p>Kunst aus der Bewegung f\u00fcr die Bewegung,<\/p>\n<\/blockquote>\n<p>das ist der Anspruch von KuK, nicht das Gesch\u00e4ft und die Galerien. Aus einer avantgardistischen Position heraus wird der Bruch mit den Konventionen propagiert und die Verschmelzung mit der radikalen Bewegung. Die individuelle Kunsturheberschaft wird durch die Behauptung ersetzt, dass die k\u00e4mpfende Bewegung aus sich heraus eine eigene \u00c4sthetik schafft. Generell bleibt dieser Ansatz richtig, und sicherlich kann eine Diskussion zur Verfeinerung des Ausdrucks beitragen, doch k\u00fcnstlerisches Schaffen ist und bleibt ein subjektiver Akt. Nicht das anonyme Kollektiv, sondern die einzelnen Individuen machen die Kunst.<br \/>\nJahre sp\u00e4ter, wenn nach der radikalen Hinterfragung viele politische Parolen wie leere H\u00fclsen von den Darstellungen abspringen, wird das Eigentliche sichtbar.<br \/>\nErkenntnis ist eben keine simple Anh\u00e4ufung von Wissen, sondern ein Durchdringen und Erfahren, ein Prozess des Erkennens, in dem die Kunst eine hervorragende M\u00f6glichkeit der Auseinandersetzung ist. F\u00fcr mich erw\u00e4chst Kunst stets aus dem gesellschaftlichen Kontext und ist von ihm beseelt. Insofern besitzt kulturelles Schaffen immer einen sozialen Gehalt, denn Kunst ist mehr als eine Ansammlung von Formen, ein Spektakel oder bunte Raumgestaltung. Kunst will bewegen, Emotionen und Gedanken ausl\u00f6sen, Reaktionen provozieren, polarisieren. K\u00fcnstlerisches Schaffen kann man nicht zu einem politischen Werkzeug degradieren; Kunst ist weder Waffe noch platte Agitation. Kunst wirkt anders.<br \/>\nZugegeben, es geht auch um die Lust an der Poesie zerspellender Ketten, bestehend aus einem Gespinst von Gliedern aus wechselseitigen Unterdr\u00fcckungsverh\u00e4ltnissen von Herkunft, Geschlecht und Religion, all das aufget\u00fcrmt zum und im \u00f6konomischen System.<br \/>\nIn diesem Sinne hei\u00dft Angriff Perspektive, bedeutet er Befreiung, ist Fortschritt.<\/p>\n<p><em>aus dem Vorwort des Katalogs zur Ausstellung im Tacheles 2009<\/em><\/p>\n<\/div><\/section><\/div>\n\n<style type=\"text\/css\" data-created_by=\"avia_inline_auto\" id=\"style-css-av-av_one_third-0aa7055fe62c3622faec82866afbaeb2\">\n.flex_column.av-av_one_third-0aa7055fe62c3622faec82866afbaeb2{\nborder-radius:0px 0px 0px 0px;\npadding:0px 0px 0px 0px;\n}\n<\/style>\n<div  class='flex_column av-av_one_third-0aa7055fe62c3622faec82866afbaeb2 av_one_third  avia-builder-el-2  el_after_av_two_third  el_before_av_hr  flex_column_div av-zero-column-padding  '     ><p>\n<style type=\"text\/css\" data-created_by=\"avia_inline_auto\" id=\"style-css-av-av_image-bb9b15f40379b5abbea847a0271ebb57\">\n.avia-image-container.av-av_image-bb9b15f40379b5abbea847a0271ebb57 img.avia_image{\nbox-shadow:none;\n}\n.avia-image-container.av-av_image-bb9b15f40379b5abbea847a0271ebb57 .av-image-caption-overlay-center{\ncolor:#ffffff;\n}\n<\/style>\n<div  class='avia-image-container av-av_image-bb9b15f40379b5abbea847a0271ebb57 av-styling- avia_animated_image av-animated-when-visible-95 pop-up avia-align-  avia-builder-el-3  el_before_av_heading  avia-builder-el-first '   itemprop=\"image\" itemscope=\"itemscope\" itemtype=\"https:\/\/schema.org\/ImageObject\" ><div class=\"avia-image-container-inner\"><div class=\"avia-image-overlay-wrap\"><img decoding=\"async\" fetchpriority=\"high\" class='wp-image-3723 avia-img-lazy-loading-not-3723 avia_image ' src=\"https:\/\/kunst-und-kampf.de\/wp-content\/uploads\/2016\/11\/Bernd_Langer1-300x225.jpg\" alt='' title='Bernd Langer M\u00e4rz 2015 Leipzig'  height=\"225\" width=\"300\"  itemprop=\"thumbnailUrl\" srcset=\"https:\/\/kunst-und-kampf.de\/wp-content\/uploads\/2016\/11\/Bernd_Langer1-300x225.jpg 300w, https:\/\/kunst-und-kampf.de\/wp-content\/uploads\/2016\/11\/Bernd_Langer1-768x576.jpg 768w, https:\/\/kunst-und-kampf.de\/wp-content\/uploads\/2016\/11\/Bernd_Langer1-705x529.jpg 705w, https:\/\/kunst-und-kampf.de\/wp-content\/uploads\/2016\/11\/Bernd_Langer1-450x338.jpg 450w, https:\/\/kunst-und-kampf.de\/wp-content\/uploads\/2016\/11\/Bernd_Langer1.jpg 1200w\" sizes=\"(max-width: 300px) 100vw, 300px\" \/><\/div><\/div><\/div><br \/>\n\n<style type=\"text\/css\" data-created_by=\"avia_inline_auto\" id=\"style-css-av-av_heading-d7c8d67e4c6e2017a4ff916b65c62fdb\">\n#top .av-special-heading.av-av_heading-d7c8d67e4c6e2017a4ff916b65c62fdb{\npadding-bottom:10px;\n}\nbody .av-special-heading.av-av_heading-d7c8d67e4c6e2017a4ff916b65c62fdb .av-special-heading-tag .heading-char{\nfont-size:25px;\n}\n.av-special-heading.av-av_heading-d7c8d67e4c6e2017a4ff916b65c62fdb .av-subheading{\nfont-size:15px;\n}\n<\/style>\n<div  class='av-special-heading av-av_heading-d7c8d67e4c6e2017a4ff916b65c62fdb av-special-heading-h3  avia-builder-el-4  el_after_av_image  el_before_av_textblock '><h3 class='av-special-heading-tag '  itemprop=\"headline\"  >Bernd Langer<\/h3><div class=\"special-heading-border\"><div class=\"special-heading-inner-border\"><\/div><\/div><\/div><br \/>\n<section  class='av_textblock_section av-av_textblock-0366cc7376be6c9e82a3e9cc8987b64f '   itemscope=\"itemscope\" itemtype=\"https:\/\/schema.org\/CreativeWork\" ><div class='avia_textblock'  itemprop=\"text\" ><p>Bernd Langer ist seit 1977 mit der autonomen Szene verbunden und war vor allem an der Organisierung der autonomen Antifa-Bewegung beteiligt.<\/p>\n<\/div><\/section><br \/>\n<div  class='avia-button-wrap av-av_button-988068a60a345a1664d1e4149fc4f670-wrap avia-button-left  avia-builder-el-6  el_after_av_textblock  avia-builder-el-last '><a href='https:\/\/kunst-und-kampf.de\/WordPress_02\/bernd-langer\/'  class='avia-button av-av_button-988068a60a345a1664d1e4149fc4f670 av-link-btn avia-icon_select-yes-left-icon avia-size-large avia-position-left avia-color-theme-color-subtle'   aria-label=\"weiterlesen\"><span class='avia_button_icon avia_button_icon_left avia-iconfont avia-font-entypo-fontello' data-av_icon='\ue875' data-av_iconfont='entypo-fontello' ><\/span><span class='avia_iconbox_title' >weiterlesen<\/span><\/a><\/div><\/p><\/div>\n<div  class='hr av-av_hr-dcd2069817a0e3d34ae04cad8f3443c7 hr-default  avia-builder-el-7  el_after_av_one_third  el_before_av_two_fifth '><span class='hr-inner '><span class=\"hr-inner-style\"><\/span><\/span><\/div>\n\n<style type=\"text\/css\" data-created_by=\"avia_inline_auto\" id=\"style-css-av-av_two_fifth-6126cab7d8fab8d08143dd2dacdf673c\">\n.flex_column.av-av_two_fifth-6126cab7d8fab8d08143dd2dacdf673c{\nborder-radius:0px 0px 0px 0px;\npadding:0px 0px 0px 0px;\n}\n<\/style>\n<div  class='flex_column av-av_two_fifth-6126cab7d8fab8d08143dd2dacdf673c av_two_fifth  avia-builder-el-8  el_after_av_hr  el_before_av_three_fifth  first flex_column_div av-zero-column-padding  '     ><style type=\"text\/css\" data-created_by=\"avia_inline_auto\" id=\"style-css-sub-av-av_image_hotspot-39bcf396d3336e95f7dff2a51b4b2ab1\">\n.av-hotspot-image-container .av-image-hotspot.av-av_image_spot-b85c7c4b70c6826a80872bf9080907ca{\ntop:25%;\nleft:23.3%;\n}\n.av-hotspot-image-container .av-image-hotspot.av-av_image_spot-29b3b3a6946c24c931d0d40042cf09e3{\ntop:41.7%;\nleft:86.6%;\n}\n<\/style>\n<div  class='av-hotspot-image-container av-av_image_hotspot-39bcf396d3336e95f7dff2a51b4b2ab1  avia-builder-el-9  avia-builder-el-no-sibling  av-hotspot-numbered av-mobile-fallback-active  av-non-fullwidth-hotspot-image'  itemprop=\"image\" itemscope=\"itemscope\" itemtype=\"https:\/\/schema.org\/ImageObject\" ><div class='av-hotspot-container'><div class='av-hotspot-container-inner-cell'><div class='av-hotspot-container-inner-wrap'><div class='av-image-hotspot av-av_image_spot-b85c7c4b70c6826a80872bf9080907ca av-image-hotspot-1 ' data-avia-tooltip-position='top' data-avia-tooltip-alignment='left' data-avia-tooltip-class='av-tt-default-width av-tt-pos-above av-tt-align-left  av-mobile-fallback-active  main_color av-tt-hotspot' data-avia-tooltip='&lt;p&gt;Symbol des linken Widerstandes&lt;\/p&gt;\n'><div class='av-image-hotspot_inner'>1<\/div><div class='av-image-hotspot-pulse'><\/div><\/div><div class='av-image-hotspot av-av_image_spot-29b3b3a6946c24c931d0d40042cf09e3 av-image-hotspot-2 ' data-avia-tooltip-position='top' data-avia-tooltip-alignment='left' data-avia-tooltip-class='av-tt-default-width av-tt-pos-above av-tt-align-left  av-mobile-fallback-active  main_color av-tt-hotspot' data-avia-tooltip='&lt;p&gt;Ablehnung jeglichen Dogmatismus&lt;\/p&gt;\n'><div class='av-image-hotspot_inner'>2<\/div><div class='av-image-hotspot-pulse'><\/div><\/div><img decoding=\"async\" fetchpriority=\"high\" class='wp-image-3302 avia-img-lazy-loading-not-3302 avia_image' src=\"https:\/\/kunst-und-kampf.de\/wp-content\/uploads\/2016\/10\/Logo_KunstundKampf-300x300.png\" alt='' title='logo_kunstundkampf'  height=\"300\" width=\"300\"  itemprop=\"thumbnailUrl\" srcset=\"https:\/\/kunst-und-kampf.de\/wp-content\/uploads\/2016\/10\/Logo_KunstundKampf-300x300.png 300w, https:\/\/kunst-und-kampf.de\/wp-content\/uploads\/2016\/10\/Logo_KunstundKampf-80x80.png 80w, https:\/\/kunst-und-kampf.de\/wp-content\/uploads\/2016\/10\/Logo_KunstundKampf-36x36.png 36w, https:\/\/kunst-und-kampf.de\/wp-content\/uploads\/2016\/10\/Logo_KunstundKampf-180x180.png 180w, https:\/\/kunst-und-kampf.de\/wp-content\/uploads\/2016\/10\/Logo_KunstundKampf.png 400w, https:\/\/kunst-und-kampf.de\/wp-content\/uploads\/2016\/10\/Logo_KunstundKampf-120x120.png 120w\" sizes=\"(max-width: 300px) 100vw, 300px\" \/><\/div><\/div><\/div><div class='av-hotspot-fallback-tooltip av-image-hotspot-1 '><div class=\"av-hotspot-fallback-tooltip-count\">1<div class=\"avia-arrow\"><\/div><\/div><div class=\"av-hotspot-fallback-tooltip-inner clearfix\"><p>\nSymbol des linken Widerstandes<\/p>\n<\/div><\/div><div class='av-hotspot-fallback-tooltip av-image-hotspot-2 '><div class=\"av-hotspot-fallback-tooltip-count\">2<div class=\"avia-arrow\"><\/div><\/div><div class=\"av-hotspot-fallback-tooltip-inner clearfix\"><p>\nAblehnung jeglichen Dogmatismus<\/p>\n<\/div><\/div><\/div><\/div>\n\n<style type=\"text\/css\" data-created_by=\"avia_inline_auto\" id=\"style-css-av-av_three_fifth-0aa7055fe62c3622faec82866afbaeb2\">\n.flex_column.av-av_three_fifth-0aa7055fe62c3622faec82866afbaeb2{\nborder-radius:0px 0px 0px 0px;\npadding:0px 0px 0px 0px;\n}\n<\/style>\n<div  class='flex_column av-av_three_fifth-0aa7055fe62c3622faec82866afbaeb2 av_three_fifth  avia-builder-el-10  el_after_av_two_fifth  avia-builder-el-last  flex_column_div av-zero-column-padding  '     ><section  class='av_textblock_section av-av_textblock-0366cc7376be6c9e82a3e9cc8987b64f '   itemscope=\"itemscope\" itemtype=\"https:\/\/schema.org\/CreativeWork\" ><div class='avia_textblock'  itemprop=\"text\" ><h2>Das Logo<\/h2>\n<p>Die Farben schwarz und wei\u00df des KuK-Symbols versinnbildlichen hell und dunkel, Tag und Nacht, positiv und negativ. Der Kontrast dieser beiden Farben ist als Widerspruch zu deuten, gem\u00e4\u00df der Kuk-Formel<\/p>\n<blockquote>\n<p>Im Widerspruch steckt das kreative Potential<\/p>\n<\/blockquote>\n<p>Das Dreieck ist das Sinnbild f\u00fcr zwei Komponenten, die eine dritte ergeben. Zudem ist es Richtungssymbol. Der Stern f\u00fcgt sich in die Umrandung ein und ist ein Symbol des linken Widerstandes. Seiner Farbe kommt keine politische Bedeutung zu. Da der Rahmen als ideologische Eingrenzung gedeutet werden k\u00f6nnte, wird diese vom linken Arm durchbrochen, was auf die Ablehnung jeglichen Dogmatismus verweist. Zudem h\u00e4lt die Figur in der Linken ihr Bewusstsein in der eigenen Hand. Der Schneidersitz ahmt die Dreiecksform nach und verleiht der Figur gleichzeitig eine konzentriert wirkende Haltung. Verst\u00e4rkt wird dieser Eindruck noch durch die Mittellinie des Dreiecks, wobei die Haltung der Arme ebenfalls ihren Schnittpunkt in der Mitte des Dreiecks hat. Die Pistole in der rechten Hand verweist darauf, dass Bewusstsein allein nicht viel \u00e4ndert, sondern dass es auch der praktischen Intervention bedarf, um konstruktiv Einfluss auf gesellschaftliche Vorg\u00e4nge zu nehmen. Die Maske vor dem Gesicht der Figur stellt die halblegalen Bedingungen dar, unter denen KuK arbeitet.<br \/>\nDas KuK-Symbol findet sich seit 1988 auf allen KuK-Druckerzeugnissen und wird dar\u00fcber hinaus auch als Aufn\u00e4her gedruckt und verbreitet.Klicken Sie hier um Ihren eigenen Text einzuf\u00fcgen<\/p>\n<\/div><\/section><\/div>\n","protected":false},"excerpt":{"rendered":"","protected":false},"author":1,"featured_media":0,"parent":0,"menu_order":0,"comment_status":"closed","ping_status":"closed","template":"","meta":{"footnotes":""},"class_list":["post-3402","page","type-page","status-publish","hentry"],"_links":{"self":[{"href":"https:\/\/kunst-und-kampf.de\/WordPress_02\/wp-json\/wp\/v2\/pages\/3402","targetHints":{"allow":["GET"]}}],"collection":[{"href":"https:\/\/kunst-und-kampf.de\/WordPress_02\/wp-json\/wp\/v2\/pages"}],"about":[{"href":"https:\/\/kunst-und-kampf.de\/WordPress_02\/wp-json\/wp\/v2\/types\/page"}],"author":[{"embeddable":true,"href":"https:\/\/kunst-und-kampf.de\/WordPress_02\/wp-json\/wp\/v2\/users\/1"}],"replies":[{"embeddable":true,"href":"https:\/\/kunst-und-kampf.de\/WordPress_02\/wp-json\/wp\/v2\/comments?post=3402"}],"version-history":[{"count":18,"href":"https:\/\/kunst-und-kampf.de\/WordPress_02\/wp-json\/wp\/v2\/pages\/3402\/revisions"}],"predecessor-version":[{"id":4354,"href":"https:\/\/kunst-und-kampf.de\/WordPress_02\/wp-json\/wp\/v2\/pages\/3402\/revisions\/4354"}],"wp:attachment":[{"href":"https:\/\/kunst-und-kampf.de\/WordPress_02\/wp-json\/wp\/v2\/media?parent=3402"}],"curies":[{"name":"wp","href":"https:\/\/api.w.org\/{rel}","templated":true}]}}